{"id":140,"date":"2015-08-03T17:02:53","date_gmt":"2015-08-03T17:02:53","guid":{"rendered":"http:\/\/rogerbit.com\/wprb\/?page_id=140"},"modified":"2015-08-03T17:02:53","modified_gmt":"2015-08-03T17:02:53","slug":"radioaficionados-la-primera-red-social-que-aun-sobrevive-a-internet-y-los-celulares","status":"publish","type":"page","link":"https:\/\/rogerbit.com\/wprb\/radioaficionados-la-primera-red-social-que-aun-sobrevive-a-internet-y-los-celulares\/","title":{"rendered":"Radioaficionados: la primera red social que a\u00fan sobrevive a internet y los celulares"},"content":{"rendered":"<p><strong class=\"volanta\">Un hobby que no pierde vigencia.<\/strong>En Argentina todav\u00eda hay 16 mil radioaficionados que tienen la licencia al d\u00eda. Como si fuera Facebook y Twitter, se conectan con gente de todo el mundo. Son clave para asistir en tragedias y desastres naturales.<\/p>\n<p>El t\u00e9rmino &#8220;redes sociales&#8221; se usa casi exclusivamente para definir los nuevos v\u00ednculos que surgieron con Internet, como Facebook, Twitter y las mil variantes que se ponen de moda. Son la &#8220;nueva gran cosa&#8221; del mundo moderno. Pero hay redes sociales que llevan un largo camino promoviendo v\u00ednculos entre personas de todo el mundo. Los radioaficionados son una de estas redes sociales que perduran en el tiempo, una suerte de club entre fan\u00e1ticos de la radiofon\u00eda, un hobby particular, lleno de historias emotivas y de rituales propios. En Argentina, hay m\u00e1s de 16 mil radioaficionados con la licencia al d\u00eda y 135 radioclubes en todo el pa\u00eds. Es una actividad que los acompa\u00f1a durante buena parte del d\u00eda \u2013s\u00ed, como si fuera Facebook\u2013 pero que tambi\u00e9n tiene un perfil solidario. En las inundaciones de La Plata y de Santa Fe, por ejemplo, cuando no hab\u00eda comunicaciones, los radioaficionados estaban ah\u00ed para dar ayuda y asistir a las autoridades en la coordinaci\u00f3n de los operativos de rescate.<br \/>\nPara este mundo con reglas propias, ser radioaficionado supone una carta de presentaci\u00f3n, un valor agregado que implica camarader\u00eda, solidaridad y hospitalidad. En una tarde en el Radio Club Argentino, las historias de encuentros con otros radioaficionados se multiplican por cada socio. Este es el objetivo primario de la actividad. Navegar por el dial en busca de una respuesta, empezar a hablar e intercambiar informaci\u00f3n. Tan sencillo como eso. Una suerte de paradoja, porque es una actividad solitaria que busca un contacto del otro lado. Y el certificado oficial de cada v\u00ednculo que hace un radioaficionado es una &#8220;tarjeta QSL&#8221;, una especie de tarjeta postal que se intercambia con cada uno de los radioaficionados que se hizo v\u00ednculo.<br \/>\nEs una actividad regulada por el Estado. Para tener la licencia hay que hacer un curso y hay diferentes categor\u00edas (inicial, novicio, intermedio, general y superior). El curso inicial requiere unos tres meses y, entre otras destrezas, los aspirantes deben aprender telegraf\u00eda.<br \/>\nPero tambi\u00e9n se aprenden reglas no escritas. Por ejemplo, que en las comunicaciones hay tres temas que no se pueden tocar: &#8220;no se puede hablar de pol\u00edtica, de religi\u00f3n y no se pueden hacer comunicaciones para sacar un provecho econ\u00f3mico&#8221;, explica Lucas Maiorov (ver Testimonio).<br \/>\n&#8220;Es un hobby caro. Bueno, todos los hobbies son caros, implican un gasto&#8221;, dice Carlos Linares (58), radioaficionado desde los 15 y socio del Radio Club Argentino. Un equipo usado b\u00e1sico, como para empezar a transmitir puede costar entre 3 y 5 mil pesos. Hay otros m\u00e1s evolucionados, nuevos, por 1.500 d\u00f3lares. Pero tambi\u00e9n muchos de los clubes tienen equipos que se pueden prestar a los aficionados para que den sus primeros pasos. En general siempre fue una actividad m\u00e1s de hombres, pero en los \u00faltimos tiempos se han sumado muchas mujeres. De todas maneras, hay cierto declive. En 2008 hab\u00eda m\u00e1s de 23 mil radioaficionados.<br \/>\n&#8220;La actividad siempre sigue vigente. Ha disminuido porque hab\u00eda mucha gente que era radioaficionada por necesidad, porque no ten\u00eda otro m\u00e9todo para comunicarse&#8221;, dice Gonzalo Fern\u00e1ndez, del Buenos Aires Radio Club. &#8220;Inicialmente es un hobby como cualquier otro. Lo haces sin poder explicarlo. Despu\u00e9s te vas dando cuenta que es mucho m\u00e1s que eso&#8221;, dice Fern\u00e1ndez. Es uno de los organizadores del HamFest, una feria en donde se presentan equipos, innovaciones, encuentros con otros clubes. Un lugar en donde muchas voces y muchos v\u00ednculos se vuelven reales.<br \/>\n&#8220;Esto es para curiosos, inquietos. Te permite hacer amigos, conocer lugares, geograf\u00eda. Hay islas muy peque\u00f1as, desconocidas para la mayor\u00eda de la gente, pero estoy seguro que todos los radioaficionados sabemos en donde est\u00e1n, porque seguro que alg\u00fan &#8216;loco&#8217; amigo nuestro llev\u00f3 equipos para transmitir&#8221;, dice Fernando, otro de los socios.<br \/>\nComo cada viernes, hay actividad en la sede del Radio Club Argentino. Los socios van llegando. Algunos hablan de equipos, otros organizan las tarjetas que llegaron desde todas partes del mundo. Uno de los socios sube a un altillo, en donde est\u00e1 una de las transmisoras, y difunde un bolet\u00edn con los datos y las actividades del club. Afuera, miles de otros aficionados escuchan. Una red social que sigue vigente.<\/p>\n<p>Fuente:\u00a0http:\/\/www.clarin.com\/sociedad\/Radioaficionados-red-social-sobrevive-internet-celulares_0_1405659425.html<\/p>\n<!-- AddThis Advanced Settings generic via filter on the_content --><!-- AddThis Share Buttons generic via filter on the_content -->","protected":false},"excerpt":{"rendered":"<p>Un hobby que no pierde vigencia.En Argentina todav\u00eda hay 16 mil radioaficionados que tienen la licencia al d\u00eda. Como si fuera Facebook y Twitter, se conectan con gente de todo el mundo. Son clave para asistir en tragedias y desastres naturales. El t\u00e9rmino &#8220;redes sociales&#8221; se usa casi exclusivamente para definir los nuevos v\u00ednculos que [&hellip;]<!-- AddThis Advanced Settings generic via filter on get_the_excerpt --><!-- AddThis Share Buttons generic via filter on get_the_excerpt --><\/p>\n","protected":false},"author":1,"featured_media":0,"parent":0,"menu_order":0,"comment_status":"open","ping_status":"open","template":"","meta":[],"_links":{"self":[{"href":"https:\/\/rogerbit.com\/wprb\/wp-json\/wp\/v2\/pages\/140"}],"collection":[{"href":"https:\/\/rogerbit.com\/wprb\/wp-json\/wp\/v2\/pages"}],"about":[{"href":"https:\/\/rogerbit.com\/wprb\/wp-json\/wp\/v2\/types\/page"}],"author":[{"embeddable":true,"href":"https:\/\/rogerbit.com\/wprb\/wp-json\/wp\/v2\/users\/1"}],"replies":[{"embeddable":true,"href":"https:\/\/rogerbit.com\/wprb\/wp-json\/wp\/v2\/comments?post=140"}],"version-history":[{"count":3,"href":"https:\/\/rogerbit.com\/wprb\/wp-json\/wp\/v2\/pages\/140\/revisions"}],"predecessor-version":[{"id":144,"href":"https:\/\/rogerbit.com\/wprb\/wp-json\/wp\/v2\/pages\/140\/revisions\/144"}],"wp:attachment":[{"href":"https:\/\/rogerbit.com\/wprb\/wp-json\/wp\/v2\/media?parent=140"}],"curies":[{"name":"wp","href":"https:\/\/api.w.org\/{rel}","templated":true}]}}