{"id":151,"date":"2015-08-05T17:00:42","date_gmt":"2015-08-05T17:00:42","guid":{"rendered":"http:\/\/rogerbit.com\/wprb\/?page_id=151"},"modified":"2016-11-08T14:51:34","modified_gmt":"2016-11-08T14:51:34","slug":"arduino-lanzado-al-espacio-por-la-nasa","status":"publish","type":"page","link":"https:\/\/rogerbit.com\/wprb\/arduino-lanzado-al-espacio-por-la-nasa\/","title":{"rendered":"Arduino lanzado al espacio por la NASA"},"content":{"rendered":"<div class=\"itemHeader\">\n<h2 class=\"itemTitle\">Arduino lanzado al espacio por la NASA<\/h2>\n<\/div>\n<div class=\"itemToolbar\">\u00a0Articulo traducido con google translate<\/div>\n<div class=\"itemBody\">\n<div class=\"itemImageBlock\">\n<p><span class=\"itemImage\"><img src=\"http:\/\/www.arduino.org\/media\/k2\/items\/cache\/e9c724eeb5636d1c1c1a2c2e85d40377_L.jpg\" alt=\"Arduino lanzado al espacio por la NASA\" \/><\/span><\/p>\n<div class=\"clr\"><\/div>\n<\/div>\n<div class=\"itemIntroText\">\n<p>Arduino no se limita a la tierra ya, que est\u00e1 listo para alcanzar las estrellas!<\/p>\n<\/div>\n<div class=\"itemFullText\">\n<p><span lang=\"EN-US\"><span lang=\"EN-US\">El uso de Arduino y sus diversos campos de aplicaci\u00f3n siguen evolucionando, tanto que incluso la NASA ( <\/span><span lang=\"EN-US\">National Aeronautics and Space Administration) <\/span><span lang=\"EN-US\">\u00a0lo usaron para sus experiencias en la exploraci\u00f3n espacial. Estamos muy contentos de escuchar que la NASA envi\u00f3 a nuestro <a href=\"http:\/\/www.arduino.org\/products\/arduino-mega-2560\" target=\"_blank\">Arduino Mega 2560<\/a> , que se produce en Italia, en el espacio para apoyar su investigaci\u00f3n y desarrollo cient\u00edfico. Descubra en este art\u00edculo 3 experimentos, donde Arduino se ha utilizado como soporte para recoger datos. Adem\u00e1s, visite el sitio web principal de la misi\u00f3n para tener una descripci\u00f3n completa de los experimentos: los objetivos, los collaborato <\/span><span lang=\"EN-US\">rs, su aplicaci\u00f3n en la tierra o en el espacio y mucho m\u00e1s.Disfrute! <\/span><\/span><\/p>\n<p><img title=\"Nasa_SOAREX8_SuborbitalFlight_ExoBrake4\" src=\"http:\/\/www.arduino.org\/images\/blog\/Nasa_SOAREX8_SuborbitalFlight_ExoBrake4.jpg\" alt=\"Nasa_SOAREX8_SuborbitalFlight_ExoBrake4\" \/><\/p>\n<p><strong>Nano Bastidores &#8211; Lituanica SAT-1<\/strong><br \/>\nEl NanoRacks-LituanicaSAT-1 es uno de los dos CubeSats lituanos ser primer sat\u00e9lite de Lituania en el espacio. Este nanosat\u00e9lite, b\u00e1sicamente un amplio cubo de 10 cent\u00edmetros, fue desarrollado con el hardware de c\u00f3digo abierto y el software de Arduino para recoger im\u00e1genes de la Tierra desde el espacio, probar c\u00e9lulas solares para futuros sat\u00e9lites y tambi\u00e9n probar un repetidor de voz FM para extender las distancias de comunicaci\u00f3n por radio.<\/p>\n<p><img title=\"Nasa_NanoRacks-LituanicaSAT1\" src=\"http:\/\/www.arduino.org\/images\/blog\/Nasa_NanoRacks-LituanicaSAT1.jpg\" alt=\"Nasa_NanoRacks-LituanicaSAT1\" \/><\/p>\n<p><strong><a href=\"http:\/\/www.nasa.gov\/mission_pages\/station\/research\/experiments\/1807.html\" target=\"_blank\">Nano Bastidores &#8211; Auto-Asamblea de Mesosc\u00f3pica l\u00edpidos Imita<\/a><\/strong><br \/>\n<span lang=\"EN-US\">c\u00e9lulas, cristales y l\u00edpidos pueden auto-ensamblarse en estructuras m\u00e1s grandes, y est\u00e1n afectados por la din\u00e1mica de fluidos y la fuerza de la gravedad. NanoRacks autoensamblaje de Mesosc\u00f3pica l\u00edpidos Imita (NanoRacks l\u00edpidos Mimic Auto-Asamblea) <\/span><span lang=\"EN-US\">extiende la comprensi\u00f3n del concepto fundamental, abstracta de autoensamblaje y <\/span><span lang=\"EN-US\">se investiga su microgravedad mediante el uso de peque\u00f1os imitadores de los l\u00edpidos (mol\u00e9culas que incluyen grasas, ceras, y algunas vitaminas ).<\/span><\/p>\n<p><img title=\"Nasa_NanoRacks_LipidMimicSelf-Asamblea1\" src=\"http:\/\/www.arduino.org\/images\/blog\/Nasa_NanoRacks_LipidMimicSelf-assembly1.jpg\" alt=\"Nasa_NanoRacks_LipidMimicSelf-Asamblea1\" \/><\/p>\n<p><strong><a href=\"http:\/\/www.digi.com\/news\/press-releases\/digi-international-onboard-nasa-s-soarex-8-suborb\" target=\"_blank\">SOAREX-8 Suborbital vuelo &#8211; Exo-Brake<\/a><\/strong><br \/>\n<span lang=\"EN-US\">Exo-Brake Suborbital Vuelo de la NASA es parte de una <\/span><span lang=\"EN-US\">iniciativa para experimentar con nuevas ideas y tecnolog\u00edas. En este programa, el equipo de desarrollo utiliza dispositivos como <a href=\"http:\/\/www.digi.com\/blog\/xbee\/off-the-shelf-components-connect-nasa-wireless-experiment\/\" target=\"_blank\">Arduino y XBee<\/a><\/span><span lang=\"EN-US\"> \u00a0para<\/span><span lang=\"EN-US\">determinar las posibles aplicaciones de las tecnolog\u00edas inal\u00e1mbricas en el espacio y la eficacia de la tecnolog\u00eda de Exo-Brake &#8211; un dispositivo de frenado de dise\u00f1o especial que funciona similar a un paraca\u00eddas a velocidades extremadamente altas y bajas del aire presiones.<\/span><\/p>\n<p><img title=\"Nasa_SOAREX8_SuborbitalFlight_ExoBrake3\" src=\"http:\/\/www.arduino.org\/images\/blog\/Nasa_SOAREX8_SuborbitalFlight_ExoBrake3.jpg\" alt=\"Nasa_SOAREX8_SuborbitalFlight_ExoBrake3\" \/><\/p>\n<p><span lang=\"EN-US\"><a href=\"http:\/\/www.nasa.gov\/mission_pages\/station\/research\/experiments\/1329.html\" target=\"_blank\"><img title=\"Nasa_SOAREX8_SuborbitalFlight_ExoBrake1\" src=\"http:\/\/www.arduino.org\/images\/blog\/Nasa_SOAREX8_SuborbitalFlight_ExoBrake1.jpg\" alt=\"Nasa_SOAREX8_SuborbitalFlight_ExoBrake1\" \/><\/a><\/span><\/p>\n<p><span lang=\"EN-US\">Fuente:\u00a0http:\/\/www.arduino.org\/blog\/1-the-new-blog\/arduino-launched-into-space-by-the-nasa<\/span><\/p>\n<\/div>\n<hr \/>\n<\/div>\n<p><strong><span style=\"color: #ff0000;\">Apoya a mi canal suscribiendote en<\/span>\u00a0<a href=\"http:\/\/www.youtube.com\/user\/carlosvolt?sub_confirmation=1\">http:\/\/www.youtube.com\/user\/carlosvolt?sub_confirmation=1<\/a>\u00a0<span style=\"color: #ff0000;\">muchos videos con c\u00f3digo fuentes completos y diagramas.<\/span><\/strong><\/p>\n<!-- AddThis Advanced Settings generic via filter on the_content --><!-- AddThis Share Buttons generic via filter on the_content -->","protected":false},"excerpt":{"rendered":"<p>Arduino lanzado al espacio por la NASA \u00a0Articulo traducido con google translate Arduino no se limita a la tierra ya, que est\u00e1 listo para alcanzar las estrellas! El uso de Arduino y sus diversos campos de aplicaci\u00f3n siguen evolucionando, tanto que incluso la NASA ( National Aeronautics and Space Administration) \u00a0lo usaron para sus experiencias [&hellip;]<!-- AddThis Advanced Settings generic via filter on get_the_excerpt --><!-- AddThis Share Buttons generic via filter on get_the_excerpt --><\/p>\n","protected":false},"author":1,"featured_media":0,"parent":0,"menu_order":0,"comment_status":"open","ping_status":"open","template":"","meta":[],"_links":{"self":[{"href":"https:\/\/rogerbit.com\/wprb\/wp-json\/wp\/v2\/pages\/151"}],"collection":[{"href":"https:\/\/rogerbit.com\/wprb\/wp-json\/wp\/v2\/pages"}],"about":[{"href":"https:\/\/rogerbit.com\/wprb\/wp-json\/wp\/v2\/types\/page"}],"author":[{"embeddable":true,"href":"https:\/\/rogerbit.com\/wprb\/wp-json\/wp\/v2\/users\/1"}],"replies":[{"embeddable":true,"href":"https:\/\/rogerbit.com\/wprb\/wp-json\/wp\/v2\/comments?post=151"}],"version-history":[{"count":4,"href":"https:\/\/rogerbit.com\/wprb\/wp-json\/wp\/v2\/pages\/151\/revisions"}],"predecessor-version":[{"id":1744,"href":"https:\/\/rogerbit.com\/wprb\/wp-json\/wp\/v2\/pages\/151\/revisions\/1744"}],"wp:attachment":[{"href":"https:\/\/rogerbit.com\/wprb\/wp-json\/wp\/v2\/media?parent=151"}],"curies":[{"name":"wp","href":"https:\/\/api.w.org\/{rel}","templated":true}]}}