{"id":1532,"date":"2016-08-19T11:38:23","date_gmt":"2016-08-19T11:38:23","guid":{"rendered":"http:\/\/rogerbit.com\/wprb\/?page_id=1532"},"modified":"2016-08-19T11:38:23","modified_gmt":"2016-08-19T11:38:23","slug":"premio-voce-pode-ganhar-um-12e-nodemcu-serial-modulo-mp3-e-uno-arduino-comentario-subscrever-e-win","status":"publish","type":"page","link":"https:\/\/rogerbit.com\/wprb\/premio-voce-pode-ganhar-um-12e-nodemcu-serial-modulo-mp3-e-uno-arduino-comentario-subscrever-e-win\/","title":{"rendered":"Pr\u00eamio: Voc\u00ea pode ganhar um 12E NODEMCU, SERIAL M\u00d3DULO MP3 E UNO ARDUINO COMENT\u00c1RIO subscrever e WIN"},"content":{"rendered":"<p><iframe loading=\"lazy\" width=\"1160\" height=\"653\" src=\"https:\/\/www.youtube.com\/embed\/wOHBhtZ-pb0?feature=oembed\" frameborder=\"0\" allowfullscreen><\/iframe><\/p>\n<p>Ol\u00e1 amigos, hoje eu quero anunciar um totalmente livre, com sorteio global, isso significa que todos os pa\u00edses possam participar, \u00e9 claro que voc\u00ea pode fazer transfer\u00eancias internacionais, que inclui o custo do transporte para o seu pa\u00eds, de modo que voc\u00ea n\u00e3o faz voc\u00ea tem que se preocupar. Isto \u00e9 porque n\u00f3s ultrapassaram 3 mil assinantes no canal.<\/p>\n<p><a href=\"http:\/\/rogerbit.com\/wprb\/wp-content\/uploads\/2016\/08\/3000.jpg\"><img loading=\"lazy\" class=\"alignnone size-medium wp-image-1518\" src=\"http:\/\/rogerbit.com\/wprb\/wp-content\/uploads\/2016\/08\/3000-258x300.jpg\" alt=\"3000\" width=\"258\" height=\"300\" srcset=\"https:\/\/rogerbit.com\/wprb\/wp-content\/uploads\/2016\/08\/3000-258x300.jpg 258w, https:\/\/rogerbit.com\/wprb\/wp-content\/uploads\/2016\/08\/3000-768x891.jpg 768w, https:\/\/rogerbit.com\/wprb\/wp-content\/uploads\/2016\/08\/3000-882x1024.jpg 882w, https:\/\/rogerbit.com\/wprb\/wp-content\/uploads\/2016\/08\/3000-820x952.jpg 820w, https:\/\/rogerbit.com\/wprb\/wp-content\/uploads\/2016\/08\/3000.jpg 1613w\" sizes=\"(max-width: 258px) 100vw, 258px\" \/><\/a><br \/>\nAs regras de participa\u00e7\u00e3o s\u00e3o muito simples, voc\u00ea deve estar registrado no canal, e local quer participar, e meu canal de v\u00eddeo favorito \u00e9 &#8220;&#8230;&#8221; voc\u00ea colocar o t\u00edtulo deste ou o link e que j\u00e1 est\u00e3o participando do sorteio ser\u00e1 o dia 01 de setembro de 2016 e ter tempo para se inscrever at\u00e9 31 de agosto de 2016 e 23:59:59, apenas um coment\u00e1rio \u00e9 permitido no sorteio, se voc\u00ea fizer mais um excesso coment\u00e1rio ser\u00e1 eliminado, para dar a mesma oportunidade tudo, o sorteio ser\u00e1 feito com http: \/\/www.sandracires.com\/es\/client \/ &#8230; se voc\u00ea n\u00e3o ganhar, n\u00e3o se preocupe, haver\u00e1 mais brindes no futuro.<br \/>\nNo total, h\u00e1 3 pr\u00e9mios, mas se chegarmos a 5000 assinantes, uma quarta mist\u00e9rio pr\u00eamio ser\u00e1 sorteado. Todos os vencedores receber\u00e3o um n\u00famero de rastreamento para que eles possam acompanhar o que o estado \u00e9 o transporte.<br \/>\nOs pr\u00eamios ser\u00e3o enviados a partir de qualquer p\u00e1gina, como ebay.com dx.com ou aliexpress.com tem que manter em mente que o tempo de chegada ao seu pa\u00eds e ser processado pela alf\u00e2ndega, poderia demorar entre dois a tr\u00eas meses e \u00e0s vezes at\u00e9 mesmo mais, assim que a paci\u00eancia.<br \/>\nEu n\u00e3o cobra imposto que podem sobrecarregar os costumes de seu pa\u00eds, mas, em teoria, o valor dos produtos n\u00e3o deve cobrar nada.<br \/>\nA taxa de envio \u00e9 em mim, como o valor do produto.<br \/>\nSe voc\u00ea n\u00e3o estiver registrado no canal no momento do sorteio, voc\u00ea ser\u00e1 desclassificado e far\u00e1 o sorteio, os pr\u00eamios s\u00e3o concedidos quando ou se.<\/p>\n<p>No primeiro pr\u00e9mio \u00e9 uma nodemcu 12e, se voc\u00ea n\u00e3o sabe este m\u00f3dulo deixo um v\u00eddeo onde voc\u00ea pode ver o seu uso<\/p>\n<p><iframe loading=\"lazy\" width=\"1160\" height=\"653\" src=\"https:\/\/www.youtube.com\/embed\/BYj0y5VqTbk?feature=oembed\" frameborder=\"0\" allowfullscreen><\/iframe><\/p>\n<p><a href=\"http:\/\/rogerbit.com\/wprb\/wp-content\/uploads\/2016\/08\/nodemcu.jpg\"><img loading=\"lazy\" class=\"alignnone size-medium wp-image-1522\" src=\"http:\/\/rogerbit.com\/wprb\/wp-content\/uploads\/2016\/08\/nodemcu-300x199.jpg\" alt=\"nodemcu\" width=\"300\" height=\"199\" srcset=\"https:\/\/rogerbit.com\/wprb\/wp-content\/uploads\/2016\/08\/nodemcu-300x199.jpg 300w, https:\/\/rogerbit.com\/wprb\/wp-content\/uploads\/2016\/08\/nodemcu-600x400.jpg 600w, https:\/\/rogerbit.com\/wprb\/wp-content\/uploads\/2016\/08\/nodemcu.jpg 620w\" sizes=\"(max-width: 300px) 100vw, 300px\" \/><\/a><\/p>\n<p>O segundo pr\u00e9mio \u00e9 um compat\u00edvel com arduino, m\u00f3dulo de mp3 de s\u00e9rie, se voc\u00ea n\u00e3o sabe o m\u00f3dulo vai deixar outro link onde podem v\u00ea-lo trabalhando<\/p>\n<p><iframe loading=\"lazy\" width=\"1160\" height=\"653\" src=\"https:\/\/www.youtube.com\/embed\/KOmnmZChaDE?feature=oembed\" frameborder=\"0\" allowfullscreen><\/iframe><\/p>\n<p>Segunda parte<\/p>\n<p><iframe loading=\"lazy\" width=\"1160\" height=\"653\" src=\"https:\/\/www.youtube.com\/embed\/pzHnD6MgfT8?feature=oembed\" frameborder=\"0\" allowfullscreen><\/iframe><\/p>\n<p><img src=\"http:\/\/rogerbit.com\/wprb\/wp-content\/uploads\/2016\/08\/catalex_yx5300_1-300x151.jpg\" alt=\"catalex_yx5300_1\" \/><\/p>\n<p>O terceiro pr\u00e9mio de um arduino<\/p>\n<p><a href=\"http:\/\/rogerbit.com\/wprb\/wp-content\/uploads\/2016\/08\/arduinouno.jpg\"><img loading=\"lazy\" class=\"alignnone size-medium wp-image-1516\" src=\"http:\/\/rogerbit.com\/wprb\/wp-content\/uploads\/2016\/08\/arduinouno-300x300.jpg\" alt=\"arduinouno\" width=\"300\" height=\"300\" srcset=\"https:\/\/rogerbit.com\/wprb\/wp-content\/uploads\/2016\/08\/arduinouno-300x300.jpg 300w, https:\/\/rogerbit.com\/wprb\/wp-content\/uploads\/2016\/08\/arduinouno-150x150.jpg 150w, https:\/\/rogerbit.com\/wprb\/wp-content\/uploads\/2016\/08\/arduinouno-768x768.jpg 768w, https:\/\/rogerbit.com\/wprb\/wp-content\/uploads\/2016\/08\/arduinouno-1024x1024.jpg 1024w, https:\/\/rogerbit.com\/wprb\/wp-content\/uploads\/2016\/08\/arduinouno-820x820.jpg 820w, https:\/\/rogerbit.com\/wprb\/wp-content\/uploads\/2016\/08\/arduinouno.jpg 1200w\" sizes=\"(max-width: 300px) 100vw, 300px\" \/><\/a><\/p>\n<p><iframe loading=\"lazy\" width=\"1160\" height=\"653\" src=\"https:\/\/www.youtube.com\/embed\/i--o19Eqd1Y?feature=oembed\" frameborder=\"0\" allowfullscreen><\/iframe><\/p>\n<p>Vou entrar em contato com os vencedores por mensagem privada, para pedir os dados que s\u00e3o necess\u00e1rias para o envio do produto, tais como nome completo e-mail n\u00famero de telefone, etc.<br \/>\nObrigado por participar e sucesso e n\u00e3o importa se voc\u00ea ganhar vai certamente ver mais atrai no futuro.<\/p>\n<p>Esclareceu que youtube n\u00e3o tem nenhuma responsabilidade por este empate.<\/p>\n<hr \/>\n<p>&nbsp;<\/p>\n<!-- AddThis Advanced Settings generic via filter on the_content --><!-- AddThis Share Buttons generic via filter on the_content -->","protected":false},"excerpt":{"rendered":"<p>Ol\u00e1 amigos, hoje eu quero anunciar um totalmente livre, com sorteio global, isso significa que todos os pa\u00edses possam participar, \u00e9 claro que voc\u00ea pode fazer transfer\u00eancias internacionais, que inclui o custo do transporte para o seu pa\u00eds, de modo que voc\u00ea n\u00e3o faz voc\u00ea tem que se preocupar. Isto \u00e9 porque n\u00f3s ultrapassaram 3 [&hellip;]<!-- AddThis Advanced Settings generic via filter on get_the_excerpt --><!-- AddThis Share Buttons generic via filter on get_the_excerpt --><\/p>\n","protected":false},"author":1,"featured_media":1533,"parent":0,"menu_order":0,"comment_status":"closed","ping_status":"closed","template":"","meta":[],"_links":{"self":[{"href":"https:\/\/rogerbit.com\/wprb\/wp-json\/wp\/v2\/pages\/1532"}],"collection":[{"href":"https:\/\/rogerbit.com\/wprb\/wp-json\/wp\/v2\/pages"}],"about":[{"href":"https:\/\/rogerbit.com\/wprb\/wp-json\/wp\/v2\/types\/page"}],"author":[{"embeddable":true,"href":"https:\/\/rogerbit.com\/wprb\/wp-json\/wp\/v2\/users\/1"}],"replies":[{"embeddable":true,"href":"https:\/\/rogerbit.com\/wprb\/wp-json\/wp\/v2\/comments?post=1532"}],"version-history":[{"count":1,"href":"https:\/\/rogerbit.com\/wprb\/wp-json\/wp\/v2\/pages\/1532\/revisions"}],"predecessor-version":[{"id":1535,"href":"https:\/\/rogerbit.com\/wprb\/wp-json\/wp\/v2\/pages\/1532\/revisions\/1535"}],"wp:featuredmedia":[{"embeddable":true,"href":"https:\/\/rogerbit.com\/wprb\/wp-json\/wp\/v2\/media\/1533"}],"wp:attachment":[{"href":"https:\/\/rogerbit.com\/wprb\/wp-json\/wp\/v2\/media?parent=1532"}],"curies":[{"name":"wp","href":"https:\/\/api.w.org\/{rel}","templated":true}]}}