{"id":50,"date":"2015-07-31T05:45:20","date_gmt":"2015-07-31T05:45:20","guid":{"rendered":"http:\/\/rogerbit.com\/wprb\/?page_id=50"},"modified":"2021-02-03T19:22:04","modified_gmt":"2021-02-03T19:22:04","slug":"contactenos","status":"publish","type":"page","link":"https:\/\/rogerbit.com\/wprb\/contactenos\/","title":{"rendered":"Contactenos"},"content":{"rendered":"<h2>Puedes contactarnos por los siguientes medios:<\/h2>\n<hr \/>\n<p><strong>En Youtube:<\/strong><\/p>\n<p>Suscr\u00edbete a nuestro canal de youtube en <a href=\"https:\/\/www.youtube.com\/user\/carlosvolt?app=desktop&amp;sub_confirmation=1\">CarlosVolt Tutoriales<\/a><\/p>\n<p><iframe loading=\"lazy\" width=\"1160\" height=\"653\" src=\"https:\/\/www.youtube.com\/embed\/9XBQMHtihCk?feature=oembed\" frameborder=\"0\" allow=\"accelerometer; autoplay; clipboard-write; encrypted-media; gyroscope; picture-in-picture\" allowfullscreen><\/iframe><\/p>\n<hr \/>\n<p><strong>En Tik Tok:<\/strong><\/p>\n<p><a href=\"https:\/\/www.tiktok.com\/@carlosvolt\"><img loading=\"lazy\" class=\"alignnone wp-image-6232\" src=\"http:\/\/rogerbit.com\/wprb\/wp-content\/uploads\/2021\/02\/Tik-Tok-1.png\" alt=\"\" width=\"289\" height=\"154\" srcset=\"https:\/\/rogerbit.com\/wprb\/wp-content\/uploads\/2021\/02\/Tik-Tok-1.png 924w, https:\/\/rogerbit.com\/wprb\/wp-content\/uploads\/2021\/02\/Tik-Tok-1-300x160.png 300w, https:\/\/rogerbit.com\/wprb\/wp-content\/uploads\/2021\/02\/Tik-Tok-1-768x409.png 768w, https:\/\/rogerbit.com\/wprb\/wp-content\/uploads\/2021\/02\/Tik-Tok-1-600x319.png 600w, https:\/\/rogerbit.com\/wprb\/wp-content\/uploads\/2021\/02\/Tik-Tok-1-820x437.png 820w\" sizes=\"(max-width: 289px) 100vw, 289px\" \/><\/a><\/p>\n<p><a href=\"https:\/\/www.tiktok.com\/@carlosvolt\">https:\/\/www.tiktok.com\/@carlosvolt<\/a><\/p>\n<hr \/>\n<p><strong>En Facebook:<\/strong><\/p>\n<p><a href=\"https:\/\/www.facebook.com\/rogerbitfanpage\"><img loading=\"lazy\" class=\"alignnone wp-image-120\" src=\"http:\/\/rogerbit.com\/wprb\/wp-content\/uploads\/2015\/07\/facebook-300x300.png\" alt=\"facebook\" width=\"81\" height=\"81\" srcset=\"https:\/\/rogerbit.com\/wprb\/wp-content\/uploads\/2015\/07\/facebook-300x300.png 300w, https:\/\/rogerbit.com\/wprb\/wp-content\/uploads\/2015\/07\/facebook-150x150.png 150w, https:\/\/rogerbit.com\/wprb\/wp-content\/uploads\/2015\/07\/facebook.png 325w\" sizes=\"(max-width: 81px) 100vw, 81px\" \/><\/a><\/p>\n<p><a href=\"https:\/\/www.facebook.com\/rogerbitfanpage\">https:\/\/www.facebook.com\/rogerbitfanpage<\/a><\/p>\n<hr \/>\n<p><strong>Por correo<\/strong><\/p>\n<p>Para revisi\u00f3n de hardware, productos o publicidad en la p\u00e1gina escribe a <a href=\"mailto:reviews@rogerbit.com\">reviews@rogerbit.com<\/a><\/p>\n<p>( S\u00f3lo contacto empresarial)<\/p>\n<hr \/>\n<p><strong>En Instagram:<\/strong><\/p>\n<p><a href=\"https:\/\/www.instagram.com\/carlosvolt_electronic_robotic\/\"><img loading=\"lazy\" class=\"alignnone wp-image-6233\" src=\"http:\/\/rogerbit.com\/wprb\/wp-content\/uploads\/2021\/02\/instagram-logo-1024x576.jpg\" alt=\"\" width=\"245\" height=\"138\" srcset=\"https:\/\/rogerbit.com\/wprb\/wp-content\/uploads\/2021\/02\/instagram-logo.jpg 1024w, https:\/\/rogerbit.com\/wprb\/wp-content\/uploads\/2021\/02\/instagram-logo-300x169.jpg 300w, https:\/\/rogerbit.com\/wprb\/wp-content\/uploads\/2021\/02\/instagram-logo-768x432.jpg 768w, https:\/\/rogerbit.com\/wprb\/wp-content\/uploads\/2021\/02\/instagram-logo-600x338.jpg 600w, https:\/\/rogerbit.com\/wprb\/wp-content\/uploads\/2021\/02\/instagram-logo-820x461.jpg 820w\" sizes=\"(max-width: 245px) 100vw, 245px\" \/><\/a><\/p>\n<p><a href=\"https:\/\/www.instagram.com\/carlosvolt_electronic_robotic\/\">https:\/\/www.instagram.com\/carlosvolt_electronic_robotic\/<\/a><\/p>\n<hr \/>\n<p>En Twitter:<\/p>\n<p><a href=\"http:\/\/rogerbit.com\/wprb\/wp-content\/uploads\/2021\/02\/descarga.png\"><img loading=\"lazy\" class=\"alignnone size-full wp-image-6238\" src=\"http:\/\/rogerbit.com\/wprb\/wp-content\/uploads\/2021\/02\/descarga.png\" alt=\"\" width=\"311\" height=\"162\" srcset=\"https:\/\/rogerbit.com\/wprb\/wp-content\/uploads\/2021\/02\/descarga.png 311w, https:\/\/rogerbit.com\/wprb\/wp-content\/uploads\/2021\/02\/descarga-300x156.png 300w\" sizes=\"(max-width: 311px) 100vw, 311px\" \/><\/a><\/p>\n<p><a class=\"twitter-timeline\" data-width=\"1160\" data-height=\"1000\" data-dnt=\"true\" href=\"https:\/\/twitter.com\/rogerbit_?ref_src=twsrc%5Etfw\">Tweets by rogerbit_<\/a><script async src=\"https:\/\/platform.twitter.com\/widgets.js\" charset=\"utf-8\"><\/script><\/p>\n<!-- AddThis Advanced Settings generic via filter on the_content --><!-- AddThis Share Buttons generic via filter on the_content -->","protected":false},"excerpt":{"rendered":"<p>Puedes contactarnos por los siguientes medios: En Youtube: Suscr\u00edbete a nuestro canal de youtube en CarlosVolt Tutoriales En Tik Tok: https:\/\/www.tiktok.com\/@carlosvolt En Facebook: https:\/\/www.facebook.com\/rogerbitfanpage Por correo Para revisi\u00f3n de hardware, productos o publicidad en la p\u00e1gina escribe a reviews@rogerbit.com ( S\u00f3lo contacto empresarial) En Instagram: https:\/\/www.instagram.com\/carlosvolt_electronic_robotic\/ En Twitter: Tweets by rogerbit_<!-- AddThis Advanced Settings generic via filter on get_the_excerpt --><!-- AddThis Share Buttons generic via filter on get_the_excerpt --><\/p>\n","protected":false},"author":1,"featured_media":0,"parent":0,"menu_order":0,"comment_status":"open","ping_status":"open","template":"","meta":[],"_links":{"self":[{"href":"https:\/\/rogerbit.com\/wprb\/wp-json\/wp\/v2\/pages\/50"}],"collection":[{"href":"https:\/\/rogerbit.com\/wprb\/wp-json\/wp\/v2\/pages"}],"about":[{"href":"https:\/\/rogerbit.com\/wprb\/wp-json\/wp\/v2\/types\/page"}],"author":[{"embeddable":true,"href":"https:\/\/rogerbit.com\/wprb\/wp-json\/wp\/v2\/users\/1"}],"replies":[{"embeddable":true,"href":"https:\/\/rogerbit.com\/wprb\/wp-json\/wp\/v2\/comments?post=50"}],"version-history":[{"count":11,"href":"https:\/\/rogerbit.com\/wprb\/wp-json\/wp\/v2\/pages\/50\/revisions"}],"predecessor-version":[{"id":6230,"href":"https:\/\/rogerbit.com\/wprb\/wp-json\/wp\/v2\/pages\/50\/revisions\/6230"}],"wp:attachment":[{"href":"https:\/\/rogerbit.com\/wprb\/wp-json\/wp\/v2\/media?parent=50"}],"curies":[{"name":"wp","href":"https:\/\/api.w.org\/{rel}","templated":true}]}}