{"id":66,"date":"2015-07-31T06:00:46","date_gmt":"2015-07-31T06:00:46","guid":{"rendered":"http:\/\/rogerbit.com\/wprb\/?page_id=66"},"modified":"2015-08-05T17:02:37","modified_gmt":"2015-08-05T17:02:37","slug":"noticias","status":"publish","type":"page","link":"https:\/\/rogerbit.com\/wprb\/noticias\/","title":{"rendered":"Noticias"},"content":{"rendered":"<h1 class=\"entry-title\"><a href=\"http:\/\/rogerbit.com\/wprb\/index.php\/arduino-lanzado-al-espacio-por-la-nasa\/\">Arduino lanzado al espacio por la NASA<\/a><\/h1>\n<p><img src=\"http:\/\/www.arduino.org\/media\/k2\/items\/cache\/e9c724eeb5636d1c1c1a2c2e85d40377_L.jpg\" alt=\"Arduino lanzado al espacio por la NASA\" \/><\/p>\n<hr \/>\n<p>&nbsp;<\/p>\n<h1 class=\"entry-title\"><a href=\"http:\/\/rogerbit.com\/wprb\/index.php\/radioaficionados-la-primera-red-social-que-aun-sobrevive-a-internet-y-los-celulares\/\">Radioaficionados: la primera red social que a\u00fan sobrevive a internet y los celulares<\/a><\/h1>\n<hr \/>\n<p>&nbsp;<\/p>\n<h1 class=\"article-title\"><a href=\"http:\/\/rogerbit.com\/wprb\/index.php\/inteligencia-artificial-el-avance-de-las-maquinas-que-piensan\/\">Facebook llevar\u00e1 Internet a zonas remotas gracias a un dron<\/a><\/h1>\n<p><a href=\"http:\/\/rogerbit.com\/wprb\/index.php\/inteligencia-artificial-el-avance-de-las-maquinas-que-piensan\/\"><img loading=\"lazy\" title=\"Facebook\" src=\"http:\/\/cdnusa.20m.es\/img2\/recortes\/2014\/11\/13\/25346-620-282.jpg\" alt=\"Facebook\" width=\"620\" height=\"282\" \/><\/a><\/p>\n<hr \/>\n<p>&nbsp;<\/p>\n<h1 class=\"post-title item fn\"><a href=\"http:\/\/rogerbit.com\/wprb\/?p=71\">Intel anuncia una memoria 1.000 m\u00e1s r\u00e1pida que la flash actual<\/a><\/h1>\n<p><img src=\"http:\/\/i1.wp.com\/www.globbit.com\/wp-content\/uploads\/2015\/07\/Intel-3D-XPoint-4.jpg?resize=702%2C335\" alt=\"Intel 3D XPoint 4\" \/><\/p>\n<hr \/>\n<p>&nbsp;<\/p>\n<!-- AddThis Advanced Settings generic via filter on the_content --><!-- AddThis Share Buttons generic via filter on the_content -->","protected":false},"excerpt":{"rendered":"<p>Arduino lanzado al espacio por la NASA &nbsp; Radioaficionados: la primera red social que a\u00fan sobrevive a internet y los celulares &nbsp; Facebook llevar\u00e1 Internet a zonas remotas gracias a un dron &nbsp; Intel anuncia una memoria 1.000 m\u00e1s r\u00e1pida que la flash actual &nbsp;<!-- AddThis Advanced Settings generic via filter on get_the_excerpt --><!-- AddThis Share Buttons generic via filter on get_the_excerpt --><\/p>\n","protected":false},"author":1,"featured_media":0,"parent":0,"menu_order":0,"comment_status":"open","ping_status":"open","template":"","meta":[],"_links":{"self":[{"href":"https:\/\/rogerbit.com\/wprb\/wp-json\/wp\/v2\/pages\/66"}],"collection":[{"href":"https:\/\/rogerbit.com\/wprb\/wp-json\/wp\/v2\/pages"}],"about":[{"href":"https:\/\/rogerbit.com\/wprb\/wp-json\/wp\/v2\/types\/page"}],"author":[{"embeddable":true,"href":"https:\/\/rogerbit.com\/wprb\/wp-json\/wp\/v2\/users\/1"}],"replies":[{"embeddable":true,"href":"https:\/\/rogerbit.com\/wprb\/wp-json\/wp\/v2\/comments?post=66"}],"version-history":[{"count":6,"href":"https:\/\/rogerbit.com\/wprb\/wp-json\/wp\/v2\/pages\/66\/revisions"}],"predecessor-version":[{"id":154,"href":"https:\/\/rogerbit.com\/wprb\/wp-json\/wp\/v2\/pages\/66\/revisions\/154"}],"wp:attachment":[{"href":"https:\/\/rogerbit.com\/wprb\/wp-json\/wp\/v2\/media?parent=66"}],"curies":[{"name":"wp","href":"https:\/\/api.w.org\/{rel}","templated":true}]}}