{"id":71,"date":"2015-08-01T14:07:34","date_gmt":"2015-08-01T14:07:34","guid":{"rendered":"http:\/\/rogerbit.com\/wprb\/?page_id=71"},"modified":"2015-08-01T14:07:34","modified_gmt":"2015-08-01T14:07:34","slug":"intel-anuncia-una-memoria-1-000-mas-rapida-que-la-flash-actual","status":"publish","type":"page","link":"https:\/\/rogerbit.com\/wprb\/intel-anuncia-una-memoria-1-000-mas-rapida-que-la-flash-actual\/","title":{"rendered":"Intel anuncia una memoria 1.000 m\u00e1s r\u00e1pida que la flash actual"},"content":{"rendered":"<header class=\"post-header cf\">\n<div class=\"featured\"><a title=\"Intel anuncia una memoria 1.000 m\u00e1s r\u00e1pida que la flash actual\" href=\"http:\/\/i0.wp.com\/www.globbit.com\/wp-content\/uploads\/2015\/07\/Intel-3D-XPoint.jpg?resize=1000%2C588\"><img class=\"attachment-main-slider wp-post-image no-display appear\" title=\"Intel anuncia una memoria 1.000 m\u00e1s r\u00e1pida que la flash actual\" src=\"http:\/\/i0.wp.com\/www.globbit.com\/wp-content\/uploads\/2015\/07\/Intel-3D-XPoint.jpg?resize=702%2C336\" alt=\"Intel 3D XPoint\" \/><\/a><\/div>\n<\/header>\n<div class=\"post-container cf\">\n<div class=\"post-content-right\">\n<div class=\"post-content description \">\n<p class=\"p1\"><strong>Intel y Micron han presentado la nueva tecnolog\u00eda 3D XPoint, una memoria no vol\u00e1til que seg\u00fan sus creadores tiene el potencial de revolucionar cualquier dispositivo<\/strong>, aplicaci\u00f3n o infraestructura digital que requiera un r\u00e1pido acceso a grandes conjuntos de datos. Intel afirma que este nuevo tipo de memoria <strong>ya est\u00e1 en producci\u00f3n y supone la primera gran revoluci\u00f3n en almacenamiento<\/strong> tras la llegada de las memorias flash NAND en 1989.<\/p>\n<p class=\"p1\"><a href=\"http:\/\/i1.wp.com\/www.globbit.com\/wp-content\/uploads\/2015\/07\/Intel-3D-XPoint-4.jpg\" rel=\"prettyPhoto\"><img loading=\"lazy\" class=\"alignnone size-full wp-image-359 no-display appear\" src=\"http:\/\/i1.wp.com\/www.globbit.com\/wp-content\/uploads\/2015\/07\/Intel-3D-XPoint-4.jpg?resize=702%2C335\" alt=\"Intel 3D XPoint 4\" width=\"702\" height=\"335\" \/><\/a><\/p>\n<p class=\"p2\">Seg\u00fan Intel, su nueva tecnolog\u00eda 3D XPoint<strong> no requiere\u00a0de transistores y combina las ventajas de rendimiento, densidad, energ\u00eda, no volatilidad y coste de todas las tecnolog\u00edas de memoria disponibles<\/strong> actualmente en el mercado. La tecnolog\u00eda es hasta <strong>1.000 veces m\u00e1s r\u00e1pida y posee hasta 1.000 veces mayor resistencia que la NAND,<\/strong> y es 10 veces m\u00e1s densa que la memoria convencional.<\/p>\n<p class=\"p2\"><a href=\"http:\/\/i0.wp.com\/www.globbit.com\/wp-content\/uploads\/2015\/07\/Intel-3D-XPoint-2.jpg\" rel=\"prettyPhoto\"><img loading=\"lazy\" class=\"alignnone size-full wp-image-353 no-display appear\" src=\"http:\/\/i0.wp.com\/www.globbit.com\/wp-content\/uploads\/2015\/07\/Intel-3D-XPoint-2.jpg?resize=702%2C393\" alt=\"Intel 3D XPoint 2\" width=\"702\" height=\"393\" \/><\/a><\/p>\n<p class=\"p1\">Seg\u00fan Rob Crooke, vicepresidente s\u00e9nior y director general del Grupo de Soluciones de Memoria No Vol\u00e1til de Intel,<span class=\"Apple-converted-space\">\u00a0<\/span>\u201cDurante d\u00e9cadas, la industria ha buscado formas de reducir el tiempo de demora entre el procesador y los datos para permitir un an\u00e1lisis mucho m\u00e1s r\u00e1pido. Esta nueva clase de memoria no vol\u00e1til logra este objetivo y ofrece un rendimiento que cambia las reglas del juego de las soluciones de memoria y almacenamiento.\u201d<\/p>\n<p class=\"p1\">En la medida en que el mundo digital crece r\u00e1pidamente, la tecnolog\u00eda 3D XPoint puede convertir esta inmensa cantidad de datos en informaci\u00f3n valiosa en nanosegundos. <strong>Seg\u00fan sus creadores, los retailers pueden utilizar la tecnolog\u00eda 3D XPoint para identificar m\u00e1s r\u00e1pidamente los patrones de detecci\u00f3n de fraude<\/strong> en las transacciones financieras; los investigadores del \u00e1mbito sanitario podr\u00e1n procesar y <strong>analizar grandes conjuntos de datos en tiempo real,<\/strong> realizando en menos tiempo tareas complejas tales como el an\u00e1lisis gen\u00e9tico y el seguimiento de enfermedades.<\/p>\n<p class=\"p1\"><img loading=\"lazy\" class=\"alignnone size-full wp-image-352 no-display appear\" src=\"http:\/\/i0.wp.com\/www.globbit.com\/wp-content\/uploads\/2015\/07\/Intel-3D-XPoint-3.jpg?resize=702%2C503\" alt=\"Intel 3D XPoint 3\" width=\"702\" height=\"503\" \/><\/p>\n<p class=\"p1\">Por supuesto, para los usuarios dom\u00e9sticos,<strong> las ventajas de rendimiento de la tecnolog\u00eda 3D XPoint tambi\u00e9n pueden mejorar la experiencia con sus ordenadores y dispositivos digitales,<\/strong> ya que la naturaleza no vol\u00e1til de esta memoria hace que sea ideal para aplicaciones de almacenamiento de baja latencia dado que los datos no se borran cuando el dispositivo est\u00e1 apagado.<\/p>\n<div class=\"fluid-width-video-wrapper\"><iframe loading=\"lazy\" id=\"fitvid117370\" src=\"https:\/\/www.youtube.com\/embed\/Wgk4U4qVpNY\" width=\"300\" height=\"150\" frameborder=\"0\" allowfullscreen=\"allowfullscreen\"><\/iframe><\/div>\n<h2 class=\"p1\">Nueva F\u00f3rmula y Arquitectura<\/h2>\n<p class=\"p1\">La tecnolog\u00eda 3D XPoint usa arquitectura de punto de cruce con menos transistores y crea un dise\u00f1o tridimensional en forma de damero donde las celdas de memoria se sit\u00faan en la intersecci\u00f3n de las l\u00edneas de palabras y las de bits, permitiendo que las c\u00e9lulas puedan ser tratadas individualmente. Como resultado, los datos pueden ser escritos y le\u00eddos en peque\u00f1as cantidades, permitiendo un proceso de lectura y escritura m\u00e1s r\u00e1pido.<\/p>\n<h2 class=\"p1\">Entre otros detalles sobre la tecnolog\u00eda 3D XPoint, Intel se\u00f1ala:<\/h2>\n<ul>\n<li class=\"p1\"><strong>Estructura matriz de cruce de puntos<\/strong> (<em>Cross Point Array Structure<\/em>) \u2013 Conductores perpendiculares conectan 128 millones de celdas de memoria densamente empaquetadas. Cada celda de memoria almacena un bit individual de datos. Esta estructura compacta proporciona un alto rendimiento y bits de alta densidad.<\/li>\n<li class=\"p1\"><strong>Apilable \u2013<\/strong> Adem\u00e1s de la apretada estructura de matriz de cruce de puntos, las celdas de memoria se apilan en m\u00faltiples capas. <strong>La tecnolog\u00eda inicial almacena 128 GB por dado en dos capas de memoria.<\/strong> Las pr\u00f3ximas generaciones de esta tecnolog\u00eda pueden aumentar el n\u00famero de capas de memoria, as\u00ed como el tradicional escalado de tono litogr\u00e1fico, mejorando a\u00fan m\u00e1s la capacidad del sistema.<\/li>\n<li class=\"p1\"><strong>Selector \u2013 Se accede a las celdas de memoria, y se escribe o se lee en ellas, por medio de variaciones en la cantidad de voltaje<\/strong> enviado a cada selector. Esto elimina la necesidad de transistores, aumentando la capacidad a la vez que se reduce el coste.<\/li>\n<li class=\"p1\"><strong>Celda de r\u00e1pida conmutaci\u00f3n<\/strong> \u2013 Con un tama\u00f1o de celda peque\u00f1o, un selector de conmutaci\u00f3n r\u00e1pido, una matriz de puntos de cruce de baja latencia y un algoritmo de escritura veloz, <strong>la celda es capaz de cambiar de estado m\u00e1s r\u00e1pido que cualquier otra tecnolog\u00eda de memoria<\/strong> no vol\u00e1til existente hoy en d\u00eda.<\/li>\n<\/ul>\n<p><iframe loading=\"lazy\" src=\"http:\/\/www.thinglink.com\/card\/682223748698341377\" width=\"600\" height=\"600\" frameborder=\"0\" scrolling=\"no\" allowfullscreen=\"allowfullscreen\"><\/iframe><\/p>\n<p class=\"p1\"><strong>La tecnolog\u00eda 3D XPoint estar\u00e1 disponible como muestra a finales de este a\u00f1o con clientes seleccionados.<\/strong>Intel y Micron est\u00e1n desarrollando productos basados en esta tecnolog\u00eda.<\/p>\n<p class=\"p1\">Fuente:\u00a0http:\/\/www.globbit.com\/intel-3dxpoint-memoria-1000-mas-rapida-flash-actual-350\/<\/p>\n<\/div>\n<\/div>\n<\/div>\n<!-- AddThis Advanced Settings generic via filter on the_content --><!-- AddThis Share Buttons generic via filter on the_content -->","protected":false},"excerpt":{"rendered":"<p>Intel y Micron han presentado la nueva tecnolog\u00eda 3D XPoint, una memoria no vol\u00e1til que seg\u00fan sus creadores tiene el potencial de revolucionar cualquier dispositivo, aplicaci\u00f3n o infraestructura digital que requiera un r\u00e1pido acceso a grandes conjuntos de datos. Intel afirma que este nuevo tipo de memoria ya est\u00e1 en producci\u00f3n y supone la primera [&hellip;]<!-- AddThis Advanced Settings generic via filter on get_the_excerpt --><!-- AddThis Share Buttons generic via filter on get_the_excerpt --><\/p>\n","protected":false},"author":1,"featured_media":0,"parent":0,"menu_order":0,"comment_status":"open","ping_status":"open","template":"","meta":[],"_links":{"self":[{"href":"https:\/\/rogerbit.com\/wprb\/wp-json\/wp\/v2\/pages\/71"}],"collection":[{"href":"https:\/\/rogerbit.com\/wprb\/wp-json\/wp\/v2\/pages"}],"about":[{"href":"https:\/\/rogerbit.com\/wprb\/wp-json\/wp\/v2\/types\/page"}],"author":[{"embeddable":true,"href":"https:\/\/rogerbit.com\/wprb\/wp-json\/wp\/v2\/users\/1"}],"replies":[{"embeddable":true,"href":"https:\/\/rogerbit.com\/wprb\/wp-json\/wp\/v2\/comments?post=71"}],"version-history":[{"count":1,"href":"https:\/\/rogerbit.com\/wprb\/wp-json\/wp\/v2\/pages\/71\/revisions"}],"predecessor-version":[{"id":73,"href":"https:\/\/rogerbit.com\/wprb\/wp-json\/wp\/v2\/pages\/71\/revisions\/73"}],"wp:attachment":[{"href":"https:\/\/rogerbit.com\/wprb\/wp-json\/wp\/v2\/media?parent=71"}],"curies":[{"name":"wp","href":"https:\/\/api.w.org\/{rel}","templated":true}]}}